{"id":10797,"date":"2026-01-21T19:49:15","date_gmt":"2026-01-22T01:49:15","guid":{"rendered":"https:\/\/muzycznaagora.com\/?post_type=product&#038;p=10797"},"modified":"2026-01-21T19:52:20","modified_gmt":"2026-01-22T01:52:20","slug":"1d-218-adam-lambert-for-your-entertainment-usa","status":"publish","type":"product","link":"https:\/\/muzycznaagora.com\/?product=1d-218-adam-lambert-for-your-entertainment-usa","title":{"rendered":"1d 218. ADAM LAMBERT FOR YOUR ENTERTAINMENT ~ USA ~"},"content":{"rendered":"<p style=\"text-align: center;\"><strong><em>WYTW\u00d3RNIA: RCA RECORDS USA<\/em><\/strong><\/p>\n<p style=\"text-align: center;\"><strong><em>ROK WYDANIA:\u00a0 2009<\/em><\/strong><\/p>\n<p style=\"text-align: center;\"><strong><em>ILO\u015a\u0106 P\u0141YT W WYDANIU: 1<\/em><\/strong><\/p>\n<p style=\"text-align: center;\"><em><strong>STAN ZACHOWANIA DYSKU:\u00a0 \u00a0 DOBRY<\/strong><\/em><\/p>\n<p style=\"text-align: center;\"><em><strong>STAN ZACHOWANI POLIGRAFII:\u00a0 BARDZO DOBRY<\/strong><\/em><\/p>\n<p style=\"text-align: center;\"><em><strong>\u00a0Lustro dysku jest w znacznej mierze porysowane, mimo tego album gra bez zaci\u0119\u0107.<\/strong><\/em><\/p>\n<p style=\"text-align: center;\"><strong>Zap\u0142aty za wygrane p\u0142yty dokonujemy przelewem tradycyjnym na konto kt\u00f3re podam zaraz po zako\u0144czeniu aukcji osobnym e-mailem.<\/strong><\/p>\n<p style=\"text-align: center;\"><strong>\u00a0 \u00a0 \u00a0 \u00a0 \u00a0 \u00a0Po zako\u0144czonej aukcji oczekuj\u0119 na wp\u0142at\u0119 maksymalnie do pi\u0119ciu dni, je\u017celi nie b\u0119dzie w tym okresie wp\u0142aty p\u0142yta automatycznie trafi z powrotem na list\u0119 do sprzedania. Mo\u017cecie Pa\u0144stwo &#8220;sk\u0142ada\u0107&#8221; sobie p\u0142yty nie mam z tym \u017cadnego problemu, ja ch\u0119tnie Wam w tym pomog\u0119 ale p\u0142aci\u0107 nale\u017cy w wymaganym terminie bo to wiele u\u0142atwia.<\/strong><\/p>\n<p style=\"text-align: center;\"><strong>\u00a0 \u00a0 \u00a0 \u00a0 \u00a0 Wysy\u0142ka nast\u0105pi, najp\u00f3\u017aniej w drugim dniu po zaksi\u0119gowaniu pieni\u0119dzy na moim koncie. Jak b\u0119dzie du\u017co przesy\u0142ek do wys\u0142ania to wtedy ten czas mo\u017ce ulec nieznacznemu wyd\u0142u\u017ceniu.<\/strong><\/p>\n<p style=\"text-align: center;\"><strong>\u00a0 \u00a0 \u00a0 \u00a0 \u00a0 \u00a0Pierwsza\u00a0 forma dostawy, kt\u00f3r\u0105 oferuj\u0119 to us\u0142ugi przewozowe Poczty Polskiej.\u00a0 Rozpoczynaj\u0105c od listu poleconego zwyk\u0142ego za 8,50z\u0142 czy poleconego priorytetu za 10,00z\u0142 przy czy trzeba pami\u0119ta\u0107, \u017ce to takiej koperty wchodz\u0105 maksymalnie dwa albumu CD normalnych, standardowych rozmiar\u00f3w. Nast\u0119pna forma dostawy przez PP to przesy\u0142ka kurierska Pocztex-u gdzie mamy dwie opcje dostawy, a mianowicie odbi\u00f3r w punkcie tzn. sklep \u017babka, Delikatesy Centrum czy Urz\u0105d Pocztowy\u00a0 &#8211; taka us\u0142uga kosztuje 14,00z\u0142 mo\u017cliwo\u015b\u0107 wysy\u0142ki do 30 album\u00f3w, oraz opcja druga przesy\u0142ka kurierska do domu z tym \u017ce tutaj te\u017c trzeba poda\u0107 dodatkowo r\u00f3wnie\u017c ca\u0142y adres gdzie przesy\u0142k\u0119 ma dostarczy\u0107 kurier. Tak przesy\u0142ka kosztuje 15,00z\u0142.<\/strong><\/p>\n<p style=\"text-align: center;\"><strong> Druga forma przesy\u0142ki oferowana przeze mnie to InPost i tutaj potrzebuje tylko nazwisko i imi\u0119 kupuj\u0105cego, nr telefonu kom\u00f3rkowego oraz adres e-mail. Taka przesy\u0142ka do 30 CD w paczce kosztuje 17,00z\u0142.\u00a0<\/strong><\/p>\n<p style=\"text-align: center;\"><strong>\u00a0 \u00a0 \u00a0 Ponadto kurier DHL &#8211; 27,00z\u0142, kurier FedEx &#8211; 24,00z\u0142, kurier DPD 26,00z\u0142<\/strong><\/p>\n<p style=\"text-align: center;\"><strong>\u00a0 \u00a0 \u00a0 \u00a0 \u00a0 \u00a0 \u00a0P\u0142yty s\u0105 pakowane w specjalnie zrobione do tego celu pude\u0142ka, przez poprzedni okres dzia\u0142ania nie przypominam sobie by kto\u015b reklamowa\u0142 spos\u00f3b zapakowania zakupionych p\u0142yt. Ja mieszkam w USA ale p\u0142yty wysy\u0142ane s\u0105 z terenu RP. Jedynie ten sprz\u0119t audio jaki zamierzam sprzeda\u0107 b\u0119dzie wysy\u0142any z USA.<\/strong><\/p>\n<p style=\"text-align: center;\"><strong>\u00a0Teraz kilka s\u0142\u00f3w jak oceniam stan zachowania p\u0142yt i ich ok\u0142adek. Generalnie nie ods\u0142uchuje CD w og\u00f3le, jak lustro dysku jest czyste bez du\u017cych rys to powinno gra\u0107 bez jakichkolwiek ubytk\u00f3w. Jak na lustre wida\u0107 du\u017co rysek, zadrapa\u0144 etc to wtedy s\u0142ucham takiej p\u0142yty czy nie ma zaci\u0119\u0107 i opisuj\u0119 na stronie aukcji. Podobnie z poligrafi\u0105 jest opisywana i fotografowana. Jak poligrafia dostaje ocene bardzo dobr\u0105 bez \u017cadnych dotykowych uwag to znaczy \u017ce mo\u017cna znale\u017a\u0107 na niej \u015blady normalnego u\u017cytkowania, np odci\u015bni\u0119te plastikowe p\u00f3\u0142okr\u0119gi, kt\u00f3re ja trzymaj\u0105 by nie wypad\u0142a z pude\u0142ka.\u00a0 Samo plastikowe pude\u0142ko nie wchodzi w sk\u0142ad opisu stanu zachowania albumu.<\/strong><\/p>\n<p style=\"text-align: center;\"><strong>\u00a0 \u00a0<\/strong><strong>\u00a0\u00a0\u00a0\u00a0\u00a0\u00a0\u00a0 <\/strong><strong>Poniewa\u017c jestem tylko cz\u0142owiekiem i mog\u0119 si\u0119 pomyli\u0107 w mojej ocenie dopuszczam zwrot nie spe\u0142niaj\u0105cego oczekiwa\u0144 albumu. Uprzedzam jednak, \u017ce je\u017celi zwrot b\u0119dzie bo <\/strong><strong>np.<\/strong><strong> nie podoba mi si\u0119 ta p\u0142yty to owszem oddam pieni\u0105dze za p\u0142yt\u0119 ale ju\u017c koszty przesy\u0142ki b\u0119d\u0105 le\u017ca\u0142y po stronie kupuj\u0105cego. Je\u017celi reklamacja b\u0119dzie zasadna bo to ja si\u0119 pomyli\u0142em oddaje kas\u0119 bez gadania. Dodam r\u00f3wnie\u017c, \u017ce w znany mi tylko spos\u00f3b znacz\u0119 to co sprzedaj\u0119.<\/strong><\/p>\n<p style=\"text-align: center;\"><strong>\u00a0 \u00a0 \u00a0 \u00a0 \u00a0 \u00a0Mo\u017cna ze mn\u0105 si\u0119 kontaktowa\u0107 najlepiej przez aplikacj\u0119 Whatsapp pod nr telefonu +17738754288, lub na adres e-mail lopsjacek2@gmail.com.<\/strong><\/p>\n","protected":false},"excerpt":{"rendered":"<p style=\"text-align: center;\"><strong><em>Witam Pa\u0144stwa bardzo serdecznie pod d\u0142u\u017cszej przerwie. <\/em><\/strong><\/p>\n<p style=\"text-align: center;\"><strong><em>\u00a0 \u00a0 \u00a0 \u00a0 \u00a0 Oddaj\u0119 do Pa\u0144stwa dyspozycji\u00a0 dawno zapowiadan\u0105 stron\u0119 internetow\u0105, na kt\u00f3rej miejmy nadziej\u0119, odnajdziecie intersuj\u0105ce Was pozycje muzyczne, zar\u00f3wno na no\u015bniku jakim jest winyl jak i w formacie CD, ponadto b\u0119d\u0119 te\u017c chcia\u0142 wystawi\u0107 do sprzedania spor\u0105 cz\u0119\u015b\u0107 mojego sprz\u0119tu audio jaki zgromadzi\u0142em przez lata. <\/em><\/strong><br \/>\n<strong><em>\u00a0 \u00a0 \u00a0 \u00a0 \u00a0 \u00a0 \u00a0 \u00a0 \u00a0 Wi\u0119kszo\u015b\u0107 z<\/em><\/strong><strong><em> Pa\u0144stw<\/em><\/strong><strong><em>a mnie zna wiele lat byli\u015bmy razem na Allegro m\u00f3j nick z lopsjacek, ale horrendalnie wysokie prowizje, regulamin jak dla przedsi\u0119biorc\u00f3w i co raz to nowe wymagania, zmusi\u0142y nie tylko mnie ale i innych kolekcjoner\u00f3w \u2013 sprzedawc\u00f3w do zaniechania wsp\u00f3\u0142pracy z nimi, szkoda. <\/em><\/strong><\/p>\n<p style=\"text-align: center;\"><strong><em>\u00a0 \u00a0 \u00a0 \u00a0 \u00a0 O<\/em><\/strong><strong><em>d lat <\/em><\/strong><strong><em>staram si\u0119 wyprzeda\u0107<\/em><\/strong><strong><em> albumy z muzyk\u0105 z mojej prywatnej kolekcji, na t\u0105 chwile dysponuj\u0119 <\/em><\/strong><strong><em>jeszcze <\/em><\/strong><strong><em>oko\u0142o 30 ty\u015b pozycji na winylach, oraz podobn\u0105 a mo\u017ce nawet wi\u0119ksz\u0105 ilo\u015bci\u0105 na p\u0142ytach CD.\u00a0 <\/em><\/strong><strong><em>Powodem tego, \u017ce to robi\u0119 s\u0105 dwa &#8211; n<\/em><\/strong><strong><em>ie mam tego gdzie trzyma\u0107, <\/em><\/strong><strong><em>oraz chyba najwa\u017cniejszy pow\u00f3d &#8211;<\/em><\/strong><strong><em> taka ilo\u015b\u0107 tytu\u0142\u00f3w i gatunk\u00f3w muzyki to si\u0119 ju\u017c mija z celem je\u017celi chodzi o s\u0142uchanie muzyki, postanowi\u0142em to ograniczy\u0107 do tego co jest mi najbli\u017csze w temacie MUZYKA i dlatego chc\u0119 powa\u017cnie zredukowa\u0107, co najmniej o jakie\u015b\u00a0 70% moje zasoby. <\/em><\/strong><\/p>\n<p style=\"text-align: center;\"><strong><em>\u00a0\u00a0\u00a0\u00a0Zabawy mo\u017ce by\u0107 przy t<\/em><\/strong><strong><em>y<\/em><\/strong><strong><em>m sporo, dlatego te\u017c serdecznie zapraszam do wzi\u0119cia w niej udzia\u0142u. <\/em><\/strong><\/p>\n<p style=\"text-align: center;\"><strong><em>\u00a0 \u00a0 \u00a0 \u00a0Poni\u017cej znajdziecie Pa\u0144stwo informacje o danym albumie &#8211; lub innym sprzedawanym przedmiocie i jak b\u0119dzie wygl\u0105da\u0142a kwestia zap\u0142aty i wysy\u0142ki lub ewentualnej reklamacji.<\/em><\/strong><\/p>\n<p style=\"text-align: center;\"><strong><em>!!!!!!!! <\/em><\/strong><strong><em>SERDECZNIE <\/em><\/strong><strong><em>ZAPRASZAM !!!!!!!\u00a0<\/em><\/strong><\/p>\n","protected":false},"featured_media":10792,"comment_status":"open","ping_status":"closed","template":"redux-templates_full_width","meta":[],"product_brand":[348,330,269,266],"product_cat":[238],"product_tag":[],"class_list":{"0":"post-10797","1":"product","2":"type-product","3":"status-publish","4":"has-post-thumbnail","6":"product_brand-dance-pop","7":"product_brand-glam","8":"product_brand-pop-rock","9":"product_brand-soft-rock","10":"product_cat-cd","12":"first","13":"instock","14":"sold-individually","15":"shipping-taxable","16":"purchasable","17":"product-type-auction"},"_links":{"self":[{"href":"https:\/\/muzycznaagora.com\/index.php?rest_route=\/wp\/v2\/product\/10797","targetHints":{"allow":["GET"]}}],"collection":[{"href":"https:\/\/muzycznaagora.com\/index.php?rest_route=\/wp\/v2\/product"}],"about":[{"href":"https:\/\/muzycznaagora.com\/index.php?rest_route=\/wp\/v2\/types\/product"}],"replies":[{"embeddable":true,"href":"https:\/\/muzycznaagora.com\/index.php?rest_route=%2Fwp%2Fv2%2Fcomments&post=10797"}],"wp:featuredmedia":[{"embeddable":true,"href":"https:\/\/muzycznaagora.com\/index.php?rest_route=\/wp\/v2\/media\/10792"}],"wp:attachment":[{"href":"https:\/\/muzycznaagora.com\/index.php?rest_route=%2Fwp%2Fv2%2Fmedia&parent=10797"}],"wp:term":[{"taxonomy":"product_brand","embeddable":true,"href":"https:\/\/muzycznaagora.com\/index.php?rest_route=%2Fwp%2Fv2%2Fproduct_brand&post=10797"},{"taxonomy":"product_cat","embeddable":true,"href":"https:\/\/muzycznaagora.com\/index.php?rest_route=%2Fwp%2Fv2%2Fproduct_cat&post=10797"},{"taxonomy":"product_tag","embeddable":true,"href":"https:\/\/muzycznaagora.com\/index.php?rest_route=%2Fwp%2Fv2%2Fproduct_tag&post=10797"}],"curies":[{"name":"wp","href":"https:\/\/api.w.org\/{rel}","templated":true}]}}